{"id":6662,"date":"2023-03-09T12:01:49","date_gmt":"2023-03-09T15:01:49","guid":{"rendered":"https:\/\/congressoecoenergy.com.br\/?page_id=6662"},"modified":"2023-03-09T12:03:35","modified_gmt":"2023-03-09T15:03:35","slug":"politica-de-cookies","status":"publish","type":"page","link":"https:\/\/congressoecoenergy.com.br\/en\/politica-de-cookies\/","title":{"rendered":"Pol\u00edtica de Cookies"},"content":{"rendered":"<div data-elementor-type=\"wp-page\" data-elementor-id=\"6662\" class=\"elementor elementor-6662\">\n\t\t\t\t\t\t<div class=\"elementor-inner\">\n\t\t\t\t<div class=\"elementor-section-wrap\">\n\t\t\t\t\t\t\t\t\t<section class=\"elementor-section elementor-top-section elementor-element elementor-element-0399393 elementor-section-boxed elementor-section-height-default elementor-section-height-default\" data-id=\"0399393\" data-element_type=\"section\">\n\t\t\t\t\t\t<div class=\"elementor-container elementor-column-gap-default\">\n\t\t\t\t\t\t\t<div class=\"elementor-row\">\n\t\t\t\t\t<div class=\"elementor-column elementor-col-100 elementor-top-column elementor-element elementor-element-6e0a3ad\" data-id=\"6e0a3ad\" data-element_type=\"column\">\n\t\t\t<div class=\"elementor-column-wrap elementor-element-populated\">\n\t\t\t\t\t\t\t<div class=\"elementor-widget-wrap\">\n\t\t\t\t\t\t<div class=\"elementor-element elementor-element-0b98a2e elementor-widget elementor-widget-heading\" data-id=\"0b98a2e\" data-element_type=\"widget\" data-widget_type=\"heading.default\">\n\t\t\t\t<div class=\"elementor-widget-container\">\n\t\t\t<h1 class=\"elementor-heading-title elementor-size-default\">Pol\u00edtica de Privacidade<\/h1>\t\t<\/div>\n\t\t\t\t<\/div>\n\t\t\t\t<div class=\"elementor-element elementor-element-bd87148 elementor-widget elementor-widget-text-editor\" data-id=\"bd87148\" data-element_type=\"widget\" data-widget_type=\"text-editor.default\">\n\t\t\t\t<div class=\"elementor-widget-container\">\n\t\t\t\t\t\t\t\t<div class=\"elementor-text-editor elementor-clearfix\">\n\t\t\t\t<p><strong>DA POL\u00cdTICA DE COOKIES<\/strong><\/p><p>Os sites da Fiera Milano Brasil utilizam cookies e nossa Pol\u00edtica de Cookies informa o que s\u00e3o cookies, como podemos us\u00e1-los, os tipos de cookies que usamos e como voc\u00ea pode recus\u00e1-los.<\/p><p>Esta pol\u00edtica abrange:<\/p><ul><li>O que s\u00e3o cookies?<\/li><li>Como usamos cookies?<\/li><li>Ser\u00e1 que os cookies recolhem os meus dados pessoais?<\/li><li>Posso dizer n\u00e3o a eles?<\/li><li>Nossa lista de cookies<\/li><li>Google Analytics<\/li><li>Como fa\u00e7o para resetar ou apagar cookies?<\/li><li>Como nos contactar<\/li><li>Altera\u00e7\u00f5es da nossa pol\u00edtica de cookies<\/li><\/ul><p>Esta Pol\u00edtica de Cookies deve ser lida em conjunto com os nossos Termos do Site e Condi\u00e7\u00f5es e Pol\u00edtica de Privacidade.<\/p><p><strong>O QUE S\u00c3O COOKIES?<\/strong><\/p><p>Cookies s\u00e3o pequenos arquivos de texto que podem definir prefer\u00eancias, dependendo de suas escolhas no seu dispositivo quando visita o nosso website; um cookie normalmente \u00e9 um arquivo de texto contendo um n\u00famero de identifica\u00e7\u00e3o an\u00f4nima exclusiva arbitr\u00e1ria. Quando voc\u00ea voltar a visitar o nosso site o site ir\u00e1 procurar os cookies para ver se voc\u00ea tem visitado anteriormente.<\/p><p>Existem duas grandes categorias de cookies:<\/p><ul><li>Os cookies persistentes: estes permanecem no dispositivo at\u00e9 ser removido manualmente ou automaticamente.<\/li><li>Os cookies de sess\u00e3o: estes permanecem no seu dispositivo at\u00e9 que voc\u00ea fechar o navegador quando eles s\u00e3o exclu\u00eddos automaticamente.<\/li><\/ul><p><strong>\u00a0<\/strong><\/p><p><strong>COMO USAMOS COOKIES?<\/strong><\/p><p>N\u00f3s usamos cookies para personalizar o conte\u00fado que voc\u00ea recebe do nosso site, por exemplo:<\/p><ul><li>Tornar a navega\u00e7\u00e3o mais f\u00e1cil, e permitir que as nossas p\u00e1ginas sejam exibidas corretamente<\/li><li>Identificar se voc\u00ea vem de outro site das feiras da Fiera Milano Brasil ou um dos nossos parceiros<\/li><li>Analisar o desempenho do nosso site com base em dados an\u00f4nimos relacionados com a sua navega\u00e7\u00e3o (por exemplo, p\u00e1ginas visitadas, n\u00famero de visitas, etc); usamos o Google Analytics para esta finalidade<\/li><\/ul><p>Os cookies utilizados pela Fiera Milano Brasil neste site s\u00e3o concebidos para serem utilizados apenas por n\u00f3s ou pelas partes que trabalham em nosso nome.<\/p><p><strong>SER\u00c1 QUE OS COOKIES RECOLHEM OS MEUS DADOS PESSOAIS?<\/strong><\/p><p>Tecnologia de cookies n\u00e3o coletam informa\u00e7\u00f5es que permitem tornar voc\u00ea pessoalmente identific\u00e1vel. Ele pode ser usado para identific\u00e1-lo como um visitante \u00fanico, mas an\u00f4nimo a um site.<\/p><p><strong>POSSO DIZER N\u00c3O A ELES?<\/strong><\/p><p>Voc\u00ea pode se recusar a aceitar alguns ou todos os cookies, basta ativar as configura\u00e7\u00f5es do seu navegador que lhe permite fazer isso.<\/p><p>Voc\u00ea precisa estar ciente de que embora se voc\u00ea excluir todos os cookies que voc\u00ea pode n\u00e3o ser capaz de aceder a determinadas partes do nosso site e podemos pensar que voc\u00ea nunca nos visitou antes e, portanto, servir-lhe com o nosso Aviso de Cookies novamente.<\/p><p><strong>GOOGLE ANALYTICS<\/strong><\/p><p>Este site tamb\u00e9m usa o Google Analytics, um servi\u00e7o de an\u00e1lise fornecido pelo Google, Inc. ( &#8220;Google&#8221;). O Google Analytics utiliza cookies para ajudar na an\u00e1lise de navega\u00e7\u00e3o do site.<\/p><p><strong>CONTATO<\/strong><\/p><p>Use os dados apropriados de contato (e-mail, telefone ou correio), se deseja exercer qualquer dos seus direitos ou se voc\u00ea tiver quaisquer outras quest\u00f5es relacionadas com o uso de suas informa\u00e7\u00f5es.<\/p><p><strong>ALTERA\u00c7\u00d5ES DA NOSSA POL\u00cdTICA DE COOKIES<\/strong><\/p><p>A Fiera Milano Brasil pode atualizar esta pol\u00edtica a qualquer momento, por favor, verifique esta p\u00e1gina regularmente.<\/p><p>Esta pol\u00edtica foi atualizada em julho de 2020.<\/p>\t\t\t\t\t<\/div>\n\t\t\t\t\t\t<\/div>\n\t\t\t\t<\/div>\n\t\t\t\t\t\t<\/div>\n\t\t\t\t\t<\/div>\n\t\t<\/div>\n\t\t\t\t\t\t\t\t<\/div>\n\t\t\t\t\t<\/div>\n\t\t<\/section>\n\t\t\t\t\t\t\t\t\t<\/div>\n\t\t\t<\/div>\n\t\t\t\t\t<\/div>","protected":false},"excerpt":{"rendered":"<p>Pol\u00edtica de Privacidade DA POL\u00cdTICA DE COOKIES Os sites da Fiera Milano Brasil utilizam cookies e nossa Pol\u00edtica de Cookies [&hellip;]<\/p>","protected":false},"author":3,"featured_media":0,"parent":0,"menu_order":0,"comment_status":"closed","ping_status":"closed","template":"","meta":[],"yoast_head":"<!-- This site is optimized with the Yoast SEO plugin v18.1 - https:\/\/yoast.com\/wordpress\/plugins\/seo\/ -->\n<title>Pol\u00edtica de Cookies - Congresso Ecoenergy<\/title>\n<meta name=\"robots\" content=\"index, follow, max-snippet:-1, max-image-preview:large, max-video-preview:-1\" \/>\n<link rel=\"canonical\" href=\"https:\/\/congressoecoenergy.com.br\/en\/politica-de-cookies\/\" \/>\n<meta property=\"og:locale\" content=\"en_US\" \/>\n<meta property=\"og:type\" content=\"article\" \/>\n<meta property=\"og:title\" content=\"Pol\u00edtica de Cookies - Congresso Ecoenergy\" \/>\n<meta property=\"og:description\" content=\"Pol\u00edtica de Privacidade DA POL\u00cdTICA DE COOKIES Os sites da Fiera Milano Brasil utilizam cookies e nossa Pol\u00edtica de Cookies [&hellip;]\" \/>\n<meta property=\"og:url\" content=\"https:\/\/congressoecoenergy.com.br\/en\/politica-de-cookies\/\" \/>\n<meta property=\"og:site_name\" content=\"Congresso Ecoenergy\" \/>\n<meta property=\"article:publisher\" content=\"https:\/\/www.facebook.com\/FeiraEcoenergy\/?ref=bookmarks\" \/>\n<meta property=\"article:modified_time\" content=\"2023-03-09T15:03:35+00:00\" \/>\n<meta name=\"twitter:card\" content=\"summary\" \/>\n<meta name=\"twitter:site\" content=\"@feiraecoenergy\" \/>\n<meta name=\"twitter:label1\" content=\"Est. reading time\" \/>\n\t<meta name=\"twitter:data1\" content=\"3 minutes\" \/>\n<script type=\"application\/ld+json\" class=\"yoast-schema-graph\">{\"@context\":\"https:\/\/schema.org\",\"@graph\":[{\"@type\":\"Organization\",\"@id\":\"https:\/\/congressoecoenergy.com.br\/#organization\",\"name\":\"Ecoenergy\",\"url\":\"https:\/\/congressoecoenergy.com.br\/\",\"sameAs\":[\"https:\/\/www.facebook.com\/FeiraEcoenergy\/?ref=bookmarks\",\"https:\/\/www.instagram.com\/feiraecoenergy\/\",\"https:\/\/www.linkedin.com\/showcase\/feiraecoenergy\/\",\"https:\/\/www.youtube.com\/channel\/UC3qrwgaIEq0Bo-zGqPDmlbA\",\"https:\/\/twitter.com\/feiraecoenergy\"],\"logo\":{\"@type\":\"ImageObject\",\"@id\":\"https:\/\/congressoecoenergy.com.br\/#logo\",\"inLanguage\":\"en-US\",\"url\":\"http:\/\/congressoecoenergy.com.br\/wp-content\/uploads\/2022\/03\/logo-feira-ecoenergy-pt.png\",\"contentUrl\":\"http:\/\/congressoecoenergy.com.br\/wp-content\/uploads\/2022\/03\/logo-feira-ecoenergy-pt.png\",\"width\":2146,\"height\":564,\"caption\":\"Ecoenergy\"},\"image\":{\"@id\":\"https:\/\/congressoecoenergy.com.br\/#logo\"}},{\"@type\":\"WebSite\",\"@id\":\"https:\/\/congressoecoenergy.com.br\/#website\",\"url\":\"https:\/\/congressoecoenergy.com.br\/\",\"name\":\"Congresso Ecoenergy\",\"description\":\"Congresso Internacional de Tecnologias Limpas e Renov\u00e1veis para a Gera\u00e7\u00e3o de Energia\",\"publisher\":{\"@id\":\"https:\/\/congressoecoenergy.com.br\/#organization\"},\"potentialAction\":[{\"@type\":\"SearchAction\",\"target\":{\"@type\":\"EntryPoint\",\"urlTemplate\":\"https:\/\/congressoecoenergy.com.br\/?s={search_term_string}\"},\"query-input\":\"required name=search_term_string\"}],\"inLanguage\":\"en-US\"},{\"@type\":\"WebPage\",\"@id\":\"https:\/\/congressoecoenergy.com.br\/politica-de-cookies\/#webpage\",\"url\":\"https:\/\/congressoecoenergy.com.br\/politica-de-cookies\/\",\"name\":\"Pol\u00edtica de Cookies - Congresso Ecoenergy\",\"isPartOf\":{\"@id\":\"https:\/\/congressoecoenergy.com.br\/#website\"},\"datePublished\":\"2023-03-09T15:01:49+00:00\",\"dateModified\":\"2023-03-09T15:03:35+00:00\",\"breadcrumb\":{\"@id\":\"https:\/\/congressoecoenergy.com.br\/politica-de-cookies\/#breadcrumb\"},\"inLanguage\":\"en-US\",\"potentialAction\":[{\"@type\":\"ReadAction\",\"target\":[\"https:\/\/congressoecoenergy.com.br\/politica-de-cookies\/\"]}]},{\"@type\":\"BreadcrumbList\",\"@id\":\"https:\/\/congressoecoenergy.com.br\/politica-de-cookies\/#breadcrumb\",\"itemListElement\":[{\"@type\":\"ListItem\",\"position\":1,\"name\":\"In\u00edcio\",\"item\":\"https:\/\/congressoecoenergy.com.br\/\"},{\"@type\":\"ListItem\",\"position\":2,\"name\":\"Pol\u00edtica de Cookies\"}]}]}<\/script>\n<!-- \/ Yoast SEO plugin. -->","yoast_head_json":{"title":"Pol\u00edtica de Cookies - Congresso Ecoenergy","robots":{"index":"index","follow":"follow","max-snippet":"max-snippet:-1","max-image-preview":"max-image-preview:large","max-video-preview":"max-video-preview:-1"},"canonical":"https:\/\/congressoecoenergy.com.br\/en\/politica-de-cookies\/","og_locale":"en_US","og_type":"article","og_title":"Pol\u00edtica de Cookies - Congresso Ecoenergy","og_description":"Pol\u00edtica de Privacidade DA POL\u00cdTICA DE COOKIES Os sites da Fiera Milano Brasil utilizam cookies e nossa Pol\u00edtica de Cookies [&hellip;]","og_url":"https:\/\/congressoecoenergy.com.br\/en\/politica-de-cookies\/","og_site_name":"Congresso Ecoenergy","article_publisher":"https:\/\/www.facebook.com\/FeiraEcoenergy\/?ref=bookmarks","article_modified_time":"2023-03-09T15:03:35+00:00","twitter_card":"summary","twitter_site":"@feiraecoenergy","twitter_misc":{"Est. reading time":"3 minutes"},"schema":{"@context":"https:\/\/schema.org","@graph":[{"@type":"Organization","@id":"https:\/\/congressoecoenergy.com.br\/#organization","name":"Ecoenergy","url":"https:\/\/congressoecoenergy.com.br\/","sameAs":["https:\/\/www.facebook.com\/FeiraEcoenergy\/?ref=bookmarks","https:\/\/www.instagram.com\/feiraecoenergy\/","https:\/\/www.linkedin.com\/showcase\/feiraecoenergy\/","https:\/\/www.youtube.com\/channel\/UC3qrwgaIEq0Bo-zGqPDmlbA","https:\/\/twitter.com\/feiraecoenergy"],"logo":{"@type":"ImageObject","@id":"https:\/\/congressoecoenergy.com.br\/#logo","inLanguage":"en-US","url":"http:\/\/congressoecoenergy.com.br\/wp-content\/uploads\/2022\/03\/logo-feira-ecoenergy-pt.png","contentUrl":"http:\/\/congressoecoenergy.com.br\/wp-content\/uploads\/2022\/03\/logo-feira-ecoenergy-pt.png","width":2146,"height":564,"caption":"Ecoenergy"},"image":{"@id":"https:\/\/congressoecoenergy.com.br\/#logo"}},{"@type":"WebSite","@id":"https:\/\/congressoecoenergy.com.br\/#website","url":"https:\/\/congressoecoenergy.com.br\/","name":"Congresso Ecoenergy","description":"Congresso Internacional de Tecnologias Limpas e Renov\u00e1veis para a Gera\u00e7\u00e3o de Energia","publisher":{"@id":"https:\/\/congressoecoenergy.com.br\/#organization"},"potentialAction":[{"@type":"SearchAction","target":{"@type":"EntryPoint","urlTemplate":"https:\/\/congressoecoenergy.com.br\/?s={search_term_string}"},"query-input":"required name=search_term_string"}],"inLanguage":"en-US"},{"@type":"WebPage","@id":"https:\/\/congressoecoenergy.com.br\/politica-de-cookies\/#webpage","url":"https:\/\/congressoecoenergy.com.br\/politica-de-cookies\/","name":"Pol\u00edtica de Cookies - Congresso Ecoenergy","isPartOf":{"@id":"https:\/\/congressoecoenergy.com.br\/#website"},"datePublished":"2023-03-09T15:01:49+00:00","dateModified":"2023-03-09T15:03:35+00:00","breadcrumb":{"@id":"https:\/\/congressoecoenergy.com.br\/politica-de-cookies\/#breadcrumb"},"inLanguage":"en-US","potentialAction":[{"@type":"ReadAction","target":["https:\/\/congressoecoenergy.com.br\/politica-de-cookies\/"]}]},{"@type":"BreadcrumbList","@id":"https:\/\/congressoecoenergy.com.br\/politica-de-cookies\/#breadcrumb","itemListElement":[{"@type":"ListItem","position":1,"name":"In\u00edcio","item":"https:\/\/congressoecoenergy.com.br\/"},{"@type":"ListItem","position":2,"name":"Pol\u00edtica de Cookies"}]}]}},"_links":{"self":[{"href":"https:\/\/congressoecoenergy.com.br\/en\/wp-json\/wp\/v2\/pages\/6662"}],"collection":[{"href":"https:\/\/congressoecoenergy.com.br\/en\/wp-json\/wp\/v2\/pages"}],"about":[{"href":"https:\/\/congressoecoenergy.com.br\/en\/wp-json\/wp\/v2\/types\/page"}],"author":[{"embeddable":true,"href":"https:\/\/congressoecoenergy.com.br\/en\/wp-json\/wp\/v2\/users\/3"}],"replies":[{"embeddable":true,"href":"https:\/\/congressoecoenergy.com.br\/en\/wp-json\/wp\/v2\/comments?post=6662"}],"version-history":[{"count":4,"href":"https:\/\/congressoecoenergy.com.br\/en\/wp-json\/wp\/v2\/pages\/6662\/revisions"}],"predecessor-version":[{"id":6666,"href":"https:\/\/congressoecoenergy.com.br\/en\/wp-json\/wp\/v2\/pages\/6662\/revisions\/6666"}],"wp:attachment":[{"href":"https:\/\/congressoecoenergy.com.br\/en\/wp-json\/wp\/v2\/media?parent=6662"}],"curies":[{"name":"wp","href":"https:\/\/api.w.org\/{rel}","templated":true}]}}